{"id":9191,"date":"2016-04-19T08:35:56","date_gmt":"2016-04-19T08:35:56","guid":{"rendered":"http:\/\/demo2.oceanthemes.net\/cloudhost\/?page_id=9191"},"modified":"2020-05-04T18:17:18","modified_gmt":"2020-05-04T18:17:18","slug":"contactos","status":"publish","type":"page","link":"https:\/\/matibox.com\/site\/contactos\/","title":{"rendered":"Contactos"},"content":{"rendered":"<div class=\"wpb-content-wrapper\"><p>[vc_row full_width=\u00bbstretch_row_content_no_spaces\u00bb][vc_column]Something went wrong while retrieving your map, please ensure you have entered the short code correctly.[\/vc_column][\/vc_row][vc_row css=\u00bb.vc_custom_1473356641574{padding-top: 100px !important;padding-bottom: 35px !important;}\u00bb][vc_column width=\u00bb1\/3&#8243;]<div class=\"cloud-icon-box-2  cloud-icon-center\">\r\n\t\t\t\t <div class=\"icon-content\"><span class=\"cloud-icon fa fa-map-marker\"><\/span><\/div>\r\n\t\t\t\t<div class=\"cloud-icon-content\"><h3 class=\"b-title\">Ubicaci\u00f3n<\/h3><p><strong>Matibox \/ Web\u00a0+ Hosting<\/strong><\/p>\n<p>Bogot\u00e1\u00a0 Oe5-46 entre M\u00e9xico y Estados Unidos<\/p><\/div>\r\n\t\t\t<\/div>[\/vc_column][vc_column width=\u00bb1\/3&#8243;]<div class=\"cloud-icon-box-2  cloud-icon-center\">\r\n\t\t\t\t <div class=\"icon-content\"><span class=\"cloud-icon icon-phone \"><\/span><\/div>\r\n\t\t\t\t<div class=\"cloud-icon-content\"><h3 class=\"b-title\">Tel\u00e9fonos<\/h3><p><strong>Ventas e Informaci\u00f3n<\/strong><\/p>\n<p>Emilio Urrutia 0993756818<\/p><\/div>\r\n\t\t\t<\/div>[\/vc_column][vc_column width=\u00bb1\/3&#8243;]<div class=\"cloud-icon-box-2  cloud-icon-center\">\r\n\t\t\t\t <div class=\"icon-content\"><span class=\"cloud-icon icon-mail-envelope-open \"><\/span><\/div>\r\n\t\t\t\t<div class=\"cloud-icon-content\"><h3 class=\"b-title\">Email<\/h3><p>Ventas y Contactos: <a href=\"mailto:info@matibox.com\">info@matibox.com<\/a><\/p>\n<p>Servicio T\u00e9cnico: <a href=\"mailto:soporte@matibox.com\">soporte@matibox.com<\/a><\/p><\/div>\r\n\t\t\t<\/div>[\/vc_column][\/vc_row][vc_row el_id=\u00bbformulario\u00bb][vc_column width=\u00bb8\/12&#8243; css=\u00bb.vc_custom_1461392276206{padding-bottom: 90px !important;}\u00bb]<div class=\"section-title  text-left\"> <div class=\"ch-heading-line\"><\/div><h3>Formulario de Contactos<\/h3><\/div>\n<div class=\"wpcf7 no-js\" id=\"wpcf7-f9206-o1\" lang=\"en-US\" dir=\"ltr\" data-wpcf7-id=\"9206\">\n<div class=\"screen-reader-response\"><p role=\"status\" aria-live=\"polite\" aria-atomic=\"true\"><\/p> <ul><\/ul><\/div>\n<form action=\"\/site\/wp-json\/wp\/v2\/pages\/9191#wpcf7-f9206-o1\" method=\"post\" class=\"wpcf7-form init\" aria-label=\"Contact form\" novalidate=\"novalidate\" data-status=\"init\">\n<fieldset class=\"hidden-fields-container\"><input type=\"hidden\" name=\"_wpcf7\" value=\"9206\" \/><input type=\"hidden\" name=\"_wpcf7_version\" value=\"6.1.1\" \/><input type=\"hidden\" name=\"_wpcf7_locale\" value=\"en_US\" \/><input type=\"hidden\" name=\"_wpcf7_unit_tag\" value=\"wpcf7-f9206-o1\" \/><input type=\"hidden\" name=\"_wpcf7_container_post\" value=\"0\" \/><input type=\"hidden\" name=\"_wpcf7_posted_data_hash\" value=\"\" \/>\n<\/fieldset>\n<div class=\"row\">\n\t<div class=\"contact-field col-md-6 col-sm-6\">\n\t\t<p><span class=\"wpcf7-form-control-wrap\" data-name=\"your-name\"><input size=\"40\" maxlength=\"400\" class=\"wpcf7-form-control wpcf7-text wpcf7-validates-as-required\" aria-required=\"true\" aria-invalid=\"false\" placeholder=\"Cu\u00e1l es su nombre?\" value=\"\" type=\"text\" name=\"your-name\" \/><\/span>\n\t\t<\/p>\n\t<\/div>\n\t<div class=\"contact-field col-md-6 col-sm-6\">\n\t\t<p><span class=\"wpcf7-form-control-wrap\" data-name=\"your-email\"><input size=\"40\" maxlength=\"400\" class=\"wpcf7-form-control wpcf7-email wpcf7-validates-as-required wpcf7-text wpcf7-validates-as-email\" aria-required=\"true\" aria-invalid=\"false\" placeholder=\"Cu\u00e1l es su email?\" value=\"\" type=\"email\" name=\"your-email\" \/><\/span>\n\t\t<\/p>\n\t<\/div>\n\t<div class=\"contact-field col-md-6 col-sm-6\">\n\t\t<p><span class=\"wpcf7-form-control-wrap\" data-name=\"your-phone\"><input size=\"40\" maxlength=\"400\" class=\"wpcf7-form-control wpcf7-text wpcf7-validates-as-required\" aria-required=\"true\" aria-invalid=\"false\" placeholder=\"Cu\u00e1l es su n\u00famero de tel\u00e9fono?\" value=\"\" type=\"text\" name=\"your-phone\" \/><\/span>\n\t\t<\/p>\n\t<\/div>\n\t<div class=\"contact-field col-md-6 col-sm-6\">\n\t\t<p><span class=\"wpcf7-form-control-wrap\" data-name=\"ciudad\"><input size=\"40\" maxlength=\"400\" class=\"wpcf7-form-control wpcf7-text wpcf7-validates-as-required\" aria-required=\"true\" aria-invalid=\"false\" placeholder=\"En que ciudad vive?\" value=\"\" type=\"text\" name=\"ciudad\" \/><\/span>\n\t\t<\/p>\n\t<\/div>\n\t<div class=\"contact-field col-md-12 col-sm-12\">\n\t\t<p><span class=\"wpcf7-form-control-wrap\" data-name=\"your-subject\"><input size=\"40\" maxlength=\"400\" class=\"wpcf7-form-control wpcf7-text wpcf7-validates-as-required\" aria-required=\"true\" aria-invalid=\"false\" placeholder=\"Porqu\u00e9 nos contacta?\" value=\"\" type=\"text\" name=\"your-subject\" \/><\/span>\n\t\t<\/p>\n\t<\/div>\n\t<div class=\"contact-field col-md-12 col-sm-12\">\n\t\t<p><span class=\"wpcf7-form-control-wrap\" data-name=\"your-message\"><textarea cols=\"40\" rows=\"10\" maxlength=\"2000\" class=\"wpcf7-form-control wpcf7-textarea wpcf7-validates-as-required\" aria-required=\"true\" aria-invalid=\"false\" placeholder=\"Escriba su mensaje completo\" name=\"your-message\"><\/textarea><\/span>\n\t\t<\/p>\n\t<\/div>\n\t<div class=\"contact-btn col-md-12 col-sm-12\">\n\t\t<p><input class=\"wpcf7-form-control wpcf7-submit has-spinner\" type=\"submit\" value=\"Enviar con total seguridad\" \/>\n\t\t<\/p>\n\t<\/div>\n<\/div><div class=\"wpcf7-response-output\" aria-hidden=\"true\"><\/div>\n<\/form>\n<\/div>\n[\/vc_column][vc_column width=\u00bb4\/12&#8243;][vc_single_image image=\u00bb10154&#8243; img_size=\u00bbfull\u00bb css_animation=\u00bbbottom-to-top\u00bb css=\u00bb.vc_custom_1476484930591{margin-bottom: -10px !important;}\u00bb][\/vc_column][\/vc_row]<\/p>\n<\/div>","protected":false},"excerpt":{"rendered":"<p>[vc_row full_width=\u00bbstretch_row_content_no_spaces\u00bb][vc_column][\/vc_column][\/vc_row][vc_row css=\u00bb.vc_custom_1473356641574{padding-top: 100px !important;padding-bottom: 35px !important;}\u00bb][vc_column width=\u00bb1\/3&#8243;][\/vc_column][vc_column width=\u00bb1\/3&#8243;][\/vc_column][vc_column width=\u00bb1\/3&#8243;][\/vc_column][\/vc_row][vc_row el_id=\u00bbformulario\u00bb][vc_column width=\u00bb8\/12&#8243; css=\u00bb.vc_custom_1461392276206{padding-bottom: 90px !important;}\u00bb][\/vc_column][vc_column width=\u00bb4\/12&#8243;][vc_single_image image=\u00bb10154&#8243; img_size=\u00bbfull\u00bb css_animation=\u00bbbottom-to-top\u00bb css=\u00bb.vc_custom_1476484930591{margin-bottom: -10px !important;}\u00bb][\/vc_column][\/vc_row]<\/p>\n","protected":false},"author":3,"featured_media":0,"parent":0,"menu_order":0,"comment_status":"closed","ping_status":"closed","template":"template-full-width.php","meta":{"footnotes":""},"class_list":["post-9191","page","type-page","status-publish","hentry"],"_links":{"self":[{"href":"https:\/\/matibox.com\/site\/wp-json\/wp\/v2\/pages\/9191","targetHints":{"allow":["GET"]}}],"collection":[{"href":"https:\/\/matibox.com\/site\/wp-json\/wp\/v2\/pages"}],"about":[{"href":"https:\/\/matibox.com\/site\/wp-json\/wp\/v2\/types\/page"}],"author":[{"embeddable":true,"href":"https:\/\/matibox.com\/site\/wp-json\/wp\/v2\/users\/3"}],"replies":[{"embeddable":true,"href":"https:\/\/matibox.com\/site\/wp-json\/wp\/v2\/comments?post=9191"}],"version-history":[{"count":37,"href":"https:\/\/matibox.com\/site\/wp-json\/wp\/v2\/pages\/9191\/revisions"}],"predecessor-version":[{"id":10195,"href":"https:\/\/matibox.com\/site\/wp-json\/wp\/v2\/pages\/9191\/revisions\/10195"}],"wp:attachment":[{"href":"https:\/\/matibox.com\/site\/wp-json\/wp\/v2\/media?parent=9191"}],"curies":[{"name":"wp","href":"https:\/\/api.w.org\/{rel}","templated":true}]}}