{"id":9270,"date":"2016-04-20T03:40:47","date_gmt":"2016-04-20T03:40:47","guid":{"rendered":"http:\/\/demo2.oceanthemes.net\/cloudhost\/?page_id=9270"},"modified":"2017-03-21T22:36:44","modified_gmt":"2017-03-21T22:36:44","slug":"web-hosting","status":"publish","type":"page","link":"https:\/\/matibox.com\/site\/web-hosting\/","title":{"rendered":"Web Hosting"},"content":{"rendered":"<div class=\"wpb-content-wrapper\"><p>[vc_row css=\u00bb.vc_custom_1472619120772{padding-top: 100px !important;padding-bottom: 100px !important;background-image: url(https:\/\/matibox.com\/site\/wp-content\/uploads\/2016\/04\/planesBG.jpg?id=9850) !important;}\u00bb][vc_column]<div class=\"section-title  text-center dark-skin\"> <div class=\"ch-heading-line\"><\/div><h3>Escoja el plan que se adapte a su necesidad<\/h3><div class=\"desc\"><p>Todas nuestros planes de Hosting est\u00e1n bajo sistema\u00a0<strong>LINUX<\/strong><\/p>\n<\/div><\/div>[vc_row_inner][vc_column_inner width=\u00bb1\/4&#8243;]<div class=\"cloud-pricing-2 cloud-pricing-item \"><div class=\"pricing-title\">Junior<\/div><div class=\"pricing-desc\"><ul>\n<li>\u00a0250 Mb de Espacio Web<\/li>\n<li>10 Gb de\u00a0Transferencia<\/li>\n<li>5 Correos Corporativos<\/li>\n<li>cPanel Administrativo<\/li>\n<li>Espacio para 1 Dominio Adicional<\/li>\n<li>1 Cuenta FTP<\/li>\n<li style=\"color: #ffd900;\">No incluye dominio Gratis<\/li>\n<li style=\"color: #ffd900;\">No incluye MySQL<\/li>\n<\/ul>\n<\/div><div class=\"pricing-info\"><span class=\"p-only\">Solamente<\/span><div class=\"p-money\"><span class=\"p-unit\">$<\/span><span class=\"p-price\">50,00<\/span><\/div><span class=\"p-duration\">Anuales<\/span><\/div><a class=\"button\" href=\"https:\/\/matibox.com\/site\/registro-online\/?ccce=cart&#038;a=add&#038;pid=1\" target=\"_self\">CONTRATAR<\/a><\/div>[\/vc_column_inner][vc_column_inner width=\u00bb1\/4&#8243;]<div class=\"cloud-pricing-2 cloud-pricing-item \"><div class=\"pricing-title\">B\u00e1sico<\/div><div class=\"pricing-desc\"><ul>\n<li>\u00a01Gb\u00a0de Espacio Web<\/li>\n<li>10 Gb de\u00a0Transferencia<\/li>\n<li>Correos Corporativos Ilimitados<\/li>\n<li>cPanel Administrativo<\/li>\n<li>Espacio para 2\u00a0Dominio Adicional<\/li>\n<li>10 Cuenta FTP<\/li>\n<li>Soporte MySQL<\/li>\n<li style=\"color: #ffd900;\">No incluye dominio Gratis<\/li>\n<\/ul>\n<\/div><div class=\"pricing-info\"><span class=\"p-only\">Solamente<\/span><div class=\"p-money\"><span class=\"p-unit\">$<\/span><span class=\"p-price\">70,00<\/span><\/div><span class=\"p-duration\">Anuales<\/span><\/div><a class=\"button\" href=\"https:\/\/matibox.com\/site\/registro-online\/?ccce=cart&#038;a=add&#038;pid=2\" target=\"_self\">CONTRATAR<\/a><\/div>[\/vc_column_inner][vc_column_inner width=\u00bb1\/4&#8243;]<div class=\"cloud-pricing-2 cloud-pricing-item  featured\"><div class=\"pricing-title\">Intermedio<\/div><div class=\"pricing-desc\"><ul>\n<li>\u00a03Gb\u00a0de Espacio Web<\/li>\n<li>20 Gb de\u00a0Transferencia<\/li>\n<li>Correos Corporativos Ilimitados<\/li>\n<li>cPanel Administrativo<\/li>\n<li>Espacio para 5\u00a0Dominio Adicional<\/li>\n<li>Cuentas FTP Ilimitadas<\/li>\n<li>Soporte MySQL<\/li>\n<li>Dominio .com Gratis<\/li>\n<\/ul>\n<\/div><div class=\"pricing-info\"><span class=\"p-only\">Solamente<\/span><div class=\"p-money\"><span class=\"p-unit\">$<\/span><span class=\"p-price\">110,00<\/span><\/div><span class=\"p-duration\">Anuales<\/span><\/div><a class=\"button\" href=\"https:\/\/matibox.com\/site\/registro-online\/?ccce=cart&#038;a=add&#038;pid=3\" target=\"_self\">CONTRATAR<\/a><\/div>[\/vc_column_inner][vc_column_inner width=\u00bb1\/4&#8243;]<div class=\"cloud-pricing-2 cloud-pricing-item \"><div class=\"pricing-title\">Avanzado<\/div><div class=\"pricing-desc\"><ul>\n<li>\u00a05Gb\u00a0de Espacio Web<\/li>\n<li>40 Gb de\u00a0Transferencia<\/li>\n<li>Correos Corporativos Ilimitados<\/li>\n<li>cPanel Administrativo<\/li>\n<li>Dominios Adicionales Ilimitados<\/li>\n<li>Cuentas FTP Ilimitadas<\/li>\n<li>Soporte MySQL<\/li>\n<li>Dominio .com Gratis<\/li>\n<\/ul>\n<\/div><div class=\"pricing-info\"><span class=\"p-only\">Solamente<\/span><div class=\"p-money\"><span class=\"p-unit\">$<\/span><span class=\"p-price\">140,00<\/span><\/div><span class=\"p-duration\">Anuales<\/span><\/div><a class=\"button\" href=\"https:\/\/matibox.com\/site\/registro-online\/?ccce=cart&#038;a=add&#038;pid=4\" target=\"_self\">CONTRATAR<\/a><\/div>[\/vc_column_inner][\/vc_row_inner][\/vc_column][\/vc_row][vc_row css=\u00bb.vc_custom_1473473439570{padding-top: 100px !important;padding-bottom: 100px !important;}\u00bb el_id=\u00bbcaracteristicas\u00bb][vc_column]<div class=\"section-title  text-center\"> <div class=\"ch-heading-line\"><\/div><h3>Caracter\u00edsticas Destacadas <\/h3><\/div>[vc_tta_tabs shape=\u00bbsquare\u00bb active_section=\u00bb1&#8243;][vc_tta_section i_type=\u00bbicomoon\u00bb title=\u00bbPanel de Control\u00bb tab_id=\u00bb1461123745975-079c89e6-32da\u00bb add_icon=\u00bbtrue\u00bb i_icon_icomoon=\u00bbicon-equalizer\u00bb][vc_row_inner][vc_column_inner width=\u00bb1\/3&#8243;][vc_single_image image=\u00bb9886&#8243; img_size=\u00bbfull\u00bb css_animation=\u00bbleft-to-right\u00bb][\/vc_column_inner][vc_column_inner width=\u00bb2\/3&#8243; css=\u00bb.vc_custom_1461386236813{margin-top: -25px !important;}\u00bb][vc_column_text]<\/p>\n<h3>Panel de Control \u00abcPanel\u00bb en todas las cuentas<\/h3>\n<p>Control f\u00e1cil de su cuenta de hosting, dise\u00f1ado para gestionar determinados dominios o cuentas de alojamiento. Adem\u00e1s del control total de herramientas inform\u00e1ticas como a\u00f1adir y\u00a0eliminar cuentas de correo electr\u00f3nico hasta gestionar bases de datos MySQL.<\/p>\n<p>Todo el dise\u00f1o del cPanel esta bien estructurado y bien dise\u00f1ado para que el usuario final no se pierda y encuentre todo lo que desea r\u00e1pidamente.[\/vc_column_text][\/vc_column_inner][\/vc_row_inner][\/vc_tta_section][vc_tta_section i_type=\u00bbicomoon\u00bb title=\u00bbQuick Install\u00bb tab_id=\u00bb1461124361862-db652bb8-d3cc\u00bb add_icon=\u00bbtrue\u00bb i_icon_icomoon=\u00bbicon-meter\u00bb][vc_row_inner][vc_column_inner width=\u00bb1\/3&#8243;][vc_single_image image=\u00bb9892&#8243; img_size=\u00bbfull\u00bb css_animation=\u00bbleft-to-right\u00bb][\/vc_column_inner][vc_column_inner width=\u00bb2\/3&#8243; css=\u00bb.vc_custom_1461386296719{margin-top: -25px !important;}\u00bb][vc_column_text]<\/p>\n<h3>\u00abQuick Install\u00bb a la mano en nuestros Planes<\/h3>\n<p>El modo m\u00e1s f\u00e1cil de instalar directamente las aplicaciones m\u00e1s usadas de la red como Joomla, WordPress, PrestaShop, Drupal, Moodle, etc&#8230;<\/p>\n<p>Quick Install viene con un servicio autom\u00e1tico de actualizaciones, no tendr\u00e1s que preocuparte por tener operativa la \u00faltima versi\u00f3n de tu aplicaci\u00f3n preferida, Quick Install lo hace por ti.<\/p>\n<p><strong>*\u00bbQuick Install\u00bb solamente est\u00e1 disponible desde el Plan B\u00e1sico.<\/strong>[\/vc_column_text][\/vc_column_inner][\/vc_row_inner][\/vc_tta_section][vc_tta_section i_type=\u00bbicomoon\u00bb title=\u00bbeMail Corporativo\u00bb tab_id=\u00bb1461124353918-beaf163c-6493&#8243; add_icon=\u00bbtrue\u00bb i_icon_icomoon=\u00bbicon-mail-envelope-closed4&#8243;][vc_row_inner][vc_column_inner width=\u00bb1\/3&#8243;][vc_single_image image=\u00bb10134&#8243; img_size=\u00bbfull\u00bb css_animation=\u00bbleft-to-right\u00bb][\/vc_column_inner][vc_column_inner width=\u00bb2\/3&#8243; css=\u00bb.vc_custom_1461386304669{margin-top: -25px !important;}\u00bb][vc_column_text]<\/p>\n<h3>Cuentas de Correo Corporativo<\/h3>\n<p>El <b>Correo Corporativo<\/b> es una direcci\u00f3n de <b>correo<\/b> electr\u00f3nico que contiene el nombre comercial de una empresa. Se le llama <b>corporativo<\/b> porque as\u00ed se diferencia de los correos electr\u00f3nicos personales y que por lo general son gratis (gmail, hotmail, etc).<\/p>\n<p>Es una manera m\u00e1s formal de manejar un negocio a trav\u00e9s de los procesos en l\u00ednea.<\/p>\n<ul class=\"has-icons\">\n<li>Todas nuestros planes tienen capacidad de crear correos corporativos.<\/li>\n<\/ul>\n<p>[\/vc_column_text][\/vc_column_inner][\/vc_row_inner][\/vc_tta_section][vc_tta_section i_type=\u00bbicomoon\u00bb title=\u00bbServidores Seguros\u00bb tab_id=\u00bb1461124352169-7bd07de4-ca67&#8243; add_icon=\u00bbtrue\u00bb i_icon_icomoon=\u00bbicon-shield\u00bb][vc_row_inner][vc_column_inner width=\u00bb1\/3&#8243;][vc_single_image image=\u00bb10136&#8243; img_size=\u00bbfull\u00bb css_animation=\u00bbleft-to-right\u00bb][\/vc_column_inner][vc_column_inner width=\u00bb2\/3&#8243; css=\u00bb.vc_custom_1461386311828{margin-top: -25px !important;}\u00bb][vc_column_text]<\/p>\n<h3>Servidores seguros en Internet<\/h3>\n<p>Tomamos\u00a0precauciones para proteger todos los elementos que hacen parte de la red como infraestructura e informaci\u00f3n, la m\u00e1s afectada por delincuentes cibern\u00e9ticos.<\/p>\n<p>Nuestros servidores con plataforma Linux localizada en Houston (Estados Unidos) cuentan con\u00a0m\u00e9todos, procedimientos y normas que logran identificar y eliminar vulnerabilidades de\u00a0la informaci\u00f3n\u00a0en l\u00ednea.<\/p>\n<ul class=\"has-icons\">\n<li><strong>Matibox<\/strong> siempre alerta, seguro y confiable en la red.<\/li>\n<\/ul>\n<p>[\/vc_column_text][\/vc_column_inner][\/vc_row_inner][\/vc_tta_section][\/vc_tta_tabs][\/vc_column][\/vc_row][vc_row full_width=\u00bbstretch_row\u00bb css=\u00bb.vc_custom_1473038881811{background-color: #333333 !important;}\u00bb][vc_column]<div class=\"cloud-box-content  bottom-left\">\r\n                <div class=\"container\">\r\n                    <div class=\"row\">\r\n                        <div class=\"col-md-6 col-sm-6 ch-col-left\">\r\n                            <div class=\"box-title\">TRANSFERENCIA DE ARCHIVOS Y DATOS<\/div>\r\n                            <div class=\"box-content\"><h3>a una cuenta Matibox<\/h3>\n<p>Nosotros nos encargamos de la migraci\u00f3n total de todos los archivos que componen un sitio web ya activo en otro hosting al nuestro de manera segura y confiable.<\/p>\n<\/div> <a class=\"button btn\" style=\"background-color: #4a2c7e\" href=\"https:\/\/matibox.com\/site\/contactos#formulario\" target=\"_self\">ME INTERESA<\/a>\r\n                         <\/div>\r\n                        <div class=\"col-md-6 col-sm-6\">\r\n                        \r\n                        <\/div>\r\n                    <\/div>\r\n                    <img decoding=\"async\" class=\"ch-box-content-img\" src=\"https:\/\/matibox.com\/site\/wp-content\/uploads\/2016\/04\/transferenciadeCuenta-1.png\" alt=\"10140\">\r\n                <\/div>\r\n            <\/div>\r\n            [\/vc_column][\/vc_row][vc_row css=\u00bb.vc_custom_1473038498555{background-color: #000000 !important;}\u00bb][vc_column]<div class=\"cloud-box-content  bottom-right\">\r\n                <div class=\"container\">\r\n                    <div class=\"row\">\r\n                        <div class=\"col-md-5 col-sm-5 ch-col-left\">\r\n                            <div class=\"box-title\">SU PAQUETE DE HOSTING<\/div>\r\n                            <div class=\"box-content\"><h3>+ un sitio\u00a0web<\/h3>\n<p>En\u00a0Matibox dise\u00f1amos, desarrollamos y ponemos a funcionar al 100% su sitio web, incl\u00fayalo\u00a0en su paquete de Web Hosting Profesional de manera simple y r\u00e1pida.<\/p>\n<\/div> <a class=\"button btn\"  href=\"https:\/\/matibox.com\/site\/contactos#formulario\" target=\"_self\">OBTENER M\u00c1S INFORMACI\u00d3N<\/a>\r\n                         <\/div>\r\n                        <div class=\"col-md-7 col-sm-7\">\r\n                        \r\n                        <\/div>\r\n                    <\/div>\r\n                    <img decoding=\"async\" class=\"ch-box-content-img\" src=\"https:\/\/matibox.com\/site\/wp-content\/uploads\/2016\/04\/WEBDESIGNmatib-NEW.png\" alt=\"10146\">\r\n                <\/div>\r\n            <\/div>\r\n            [\/vc_column][\/vc_row][vc_row css=\u00bb.vc_custom_1472660160812{padding-bottom: 30px !important;}\u00bb][vc_column]<div class=\"cloud-clients-carousel \"><div class=\"row\"><div class=\"ft-owl-list\" id=\"images-carousel-69f3d45eddfe1\"><div class=\"client-item col-md-6 col-sm-6\"><a  target=\"_self\" ><img decoding=\"async\" alt=\"9841\"  src=\"https:\/\/matibox.com\/site\/wp-content\/uploads\/2016\/04\/cpanel.png\"><\/a><\/div><div class=\"client-item col-md-6 col-sm-6\"><a  target=\"_self\" ><img decoding=\"async\" alt=\"9834\"  src=\"https:\/\/matibox.com\/site\/wp-content\/uploads\/2016\/04\/joomla-300x127.png\"><\/a><\/div><div class=\"client-item col-md-6 col-sm-6\"><a  target=\"_self\" ><img decoding=\"async\" alt=\"9831\"  src=\"https:\/\/matibox.com\/site\/wp-content\/uploads\/2016\/04\/wordpress-300x127.png\"><\/a><\/div><div class=\"client-item col-md-6 col-sm-6\"><a  target=\"_self\" ><img decoding=\"async\" alt=\"9954\"  src=\"https:\/\/matibox.com\/site\/wp-content\/uploads\/2016\/04\/BasekiTLogo-300x127.png\"><\/a><\/div><div class=\"client-item col-md-6 col-sm-6\"><a  target=\"_self\" ><img decoding=\"async\" alt=\"9955\"  src=\"https:\/\/matibox.com\/site\/wp-content\/uploads\/2016\/04\/drupalLogo-300x127.png\"><\/a><\/div><div class=\"client-item col-md-6 col-sm-6\"><a  target=\"_self\" ><img decoding=\"async\" alt=\"9956\"  src=\"https:\/\/matibox.com\/site\/wp-content\/uploads\/2016\/04\/magentoLogo2-300x127.png\"><\/a><\/div><div class=\"client-item col-md-6 col-sm-6\"><a  target=\"_self\" ><img decoding=\"async\" alt=\"9836\"  src=\"https:\/\/matibox.com\/site\/wp-content\/uploads\/2016\/04\/mysqul.png\"><\/a><\/div><\/div><\/div><\/div>[\/vc_column][\/vc_row][vc_row full_width=\u00bbstretch_row_content_no_spaces\u00bb][vc_column]<div class=\"cloud-newletter \">\r\n                <div class=\"container\">\r\n                <div class=\"row\">\r\n                    <div class=\"letter-info\">\r\n                        <div class=\"col-md-4 col-sm-12\">\r\n                            <div class=\"letter-header\">\r\n                                <div class=\"hoz-line hoz-line-1\"><\/div>\r\n                                <div class=\"hoz-line hoz-line-2\"><\/div>\r\n                                <div class=\"hoz-line hoz-line-3\"><\/div>\r\n                                <i class=\"icon-mail-envelope-closed3\"><\/i>\r\n                                <div class=\"hoz-line hoz-line-4\"><\/div>\r\n                                <div class=\"letter-title \">\r\n                                    <span>Our<\/span>\r\n                                    <label>Newsletter<\/label>\r\n                                <\/div>\r\n                            <\/div>\r\n                        <\/div>\r\n                        <div class=\"col-md-8 col-sm-12\">\r\n                            <div class=\"letter-fied\">\r\n                            <script>(function() {\n\twindow.mc4wp = window.mc4wp || {\n\t\tlisteners: [],\n\t\tforms: {\n\t\t\ton: function(evt, cb) {\n\t\t\t\twindow.mc4wp.listeners.push(\n\t\t\t\t\t{\n\t\t\t\t\t\tevent   : evt,\n\t\t\t\t\t\tcallback: cb\n\t\t\t\t\t}\n\t\t\t\t);\n\t\t\t}\n\t\t}\n\t}\n})();\n<\/script><!-- Mailchimp for WordPress v4.10.6 - https:\/\/wordpress.org\/plugins\/mailchimp-for-wp\/ --><form id=\"mc4wp-form-1\" class=\"mc4wp-form mc4wp-form-9163\" method=\"post\" data-id=\"9163\" data-name=\"\" ><div class=\"mc4wp-form-fields\"><input type=\"email\" class=\"mail-field\" name=\"EMAIL\" placeholder=\"Su cuenta de correo\" required \/>\r\n<input type=\"submit\" class=\"mail-submit\" value=\"Send\" \/>\r\n<p>\r\n   \r\n    <label>\r\n        <input name=\"_mc4wp_lists[]\" type=\"checkbox\" value=\"60ef2c5872\" checked> <span>Acepta unirse para recibir promociones?<\/span>\r\n    <\/label>\r\n<\/p>\r\n<\/div><label style=\"display: none !important;\">Deja vac\u00edo este campo si eres humano: <input type=\"text\" name=\"_mc4wp_honeypot\" value=\"\" tabindex=\"-1\" autocomplete=\"off\" \/><\/label><input type=\"hidden\" name=\"_mc4wp_timestamp\" value=\"1777587294\" \/><input type=\"hidden\" name=\"_mc4wp_form_id\" value=\"9163\" \/><input type=\"hidden\" name=\"_mc4wp_form_element_id\" value=\"mc4wp-form-1\" \/><div class=\"mc4wp-response\"><\/div><\/form><!-- \/ Mailchimp for WordPress Plugin -->\r\n                            <\/div>\r\n                        <\/div>\r\n                    <\/div>\r\n                <\/div>\r\n\t\t\t\t<\/div>\r\n\t\t\t<\/div>[\/vc_column][\/vc_row]<\/p>\n<\/div>","protected":false},"excerpt":{"rendered":"<p>[vc_row css=\u00bb.vc_custom_1472619120772{padding-top: 100px !important;padding-bottom: 100px !important;background-image: url(https:\/\/matibox.com\/site\/wp-content\/uploads\/2016\/04\/planesBG.jpg?id=9850) !important;}\u00bb][vc_column][vc_row_inner][vc_column_inner width=\u00bb1\/4&#8243;][\/vc_column_inner][vc_column_inner width=\u00bb1\/4&#8243;][\/vc_column_inner][vc_column_inner width=\u00bb1\/4&#8243;][\/vc_column_inner][vc_column_inner width=\u00bb1\/4&#8243;][\/vc_column_inner][\/vc_row_inner][\/vc_column][\/vc_row][vc_row css=\u00bb.vc_custom_1473473439570{padding-top: 100px !important;padding-bottom: 100px !important;}\u00bb el_id=\u00bbcaracteristicas\u00bb][vc_column][vc_tta_tabs shape=\u00bbsquare\u00bb active_section=\u00bb1&#8243;][vc_tta_section i_type=\u00bbicomoon\u00bb title=\u00bbPanel de Control\u00bb tab_id=\u00bb1461123745975-079c89e6-32da\u00bb add_icon=\u00bbtrue\u00bb i_icon_icomoon=\u00bbicon-equalizer\u00bb][vc_row_inner][vc_column_inner width=\u00bb1\/3&#8243;][vc_single_image image=\u00bb9886&#8243; img_size=\u00bbfull\u00bb&hellip;<\/p>\n","protected":false},"author":3,"featured_media":0,"parent":0,"menu_order":0,"comment_status":"closed","ping_status":"closed","template":"template-full-width.php","meta":{"footnotes":""},"class_list":["post-9270","page","type-page","status-publish","hentry"],"_links":{"self":[{"href":"https:\/\/matibox.com\/site\/wp-json\/wp\/v2\/pages\/9270","targetHints":{"allow":["GET"]}}],"collection":[{"href":"https:\/\/matibox.com\/site\/wp-json\/wp\/v2\/pages"}],"about":[{"href":"https:\/\/matibox.com\/site\/wp-json\/wp\/v2\/types\/page"}],"author":[{"embeddable":true,"href":"https:\/\/matibox.com\/site\/wp-json\/wp\/v2\/users\/3"}],"replies":[{"embeddable":true,"href":"https:\/\/matibox.com\/site\/wp-json\/wp\/v2\/comments?post=9270"}],"version-history":[{"count":115,"href":"https:\/\/matibox.com\/site\/wp-json\/wp\/v2\/pages\/9270\/revisions"}],"predecessor-version":[{"id":10169,"href":"https:\/\/matibox.com\/site\/wp-json\/wp\/v2\/pages\/9270\/revisions\/10169"}],"wp:attachment":[{"href":"https:\/\/matibox.com\/site\/wp-json\/wp\/v2\/media?parent=9270"}],"curies":[{"name":"wp","href":"https:\/\/api.w.org\/{rel}","templated":true}]}}